{"id":8,"date":"2022-08-07T09:23:48","date_gmt":"2022-08-07T09:23:48","guid":{"rendered":"http:\/\/animusedu.com\/?page_id=8"},"modified":"2022-08-07T13:24:50","modified_gmt":"2022-08-07T13:24:50","slug":"blog","status":"publish","type":"page","link":"https:\/\/animusedu.com\/index.php\/blog\/","title":{"rendered":""},"content":{"rendered":"\n<div class=\"wp-block-query is-layout-flow wp-block-query-is-layout-flow\"><ul class=\"is-flex-container columns-3 wp-block-post-template is-layout-flow wp-block-post-template-is-layout-flow\"><li class=\"wp-block-post post-1410 post type-post status-publish format-standard has-post-thumbnail hentry category-other-events\">\n<h2 class=\"wp-block-post-title\"><a href=\"https:\/\/animusedu.com\/index.php\/2026\/02\/20\/training-course-rabbit-on-the-moon\/\" target=\"_self\">Training Course &#8220;Rabbit on the Moon&#8221;<\/a><\/h2>\n\n<figure class=\"alignwide wp-block-post-featured-image\"><a href=\"https:\/\/animusedu.com\/index.php\/2026\/02\/20\/training-course-rabbit-on-the-moon\/\" target=\"_self\"><img loading=\"lazy\" decoding=\"async\" width=\"300\" height=\"169\" src=\"https:\/\/animusedu.com\/wp-content\/uploads\/2026\/02\/Rabbit-on-the-moon-infopack.pdf-300x169.png\" class=\"attachment-post-thumbnail size-post-thumbnail wp-post-image\" alt=\"Training Course &#8220;Rabbit on the Moon&#8221;\" style=\"object-fit:cover;\" srcset=\"https:\/\/animusedu.com\/wp-content\/uploads\/2026\/02\/Rabbit-on-the-moon-infopack.pdf-300x169.png 300w, https:\/\/animusedu.com\/wp-content\/uploads\/2026\/02\/Rabbit-on-the-moon-infopack.pdf-1024x576.png 1024w, https:\/\/animusedu.com\/wp-content\/uploads\/2026\/02\/Rabbit-on-the-moon-infopack.pdf-768x432.png 768w, https:\/\/animusedu.com\/wp-content\/uploads\/2026\/02\/Rabbit-on-the-moon-infopack.pdf-1536x864.png 1536w, https:\/\/animusedu.com\/wp-content\/uploads\/2026\/02\/Rabbit-on-the-moon-infopack.pdf-850x478.png 850w, https:\/\/animusedu.com\/wp-content\/uploads\/2026\/02\/Rabbit-on-the-moon-infopack.pdf.png 1920w\" sizes=\"auto, (max-width: 300px) 100vw, 300px\" \/><\/a><\/figure>\n\n<div class=\"wp-block-post-excerpt\"><p class=\"wp-block-post-excerpt__excerpt\">We would like to share some exciting news with you &#8211; our youth workers are preparing for an upcoming international training course! Erasmus+ training course \u201cRabbit on the Moon: An Embodiment Journey for Youth Workers\u201d Dates: 23-27 April 2026 Location: Fresno de Cantespino, Segovia, Spain Rabbit on the Moon is a 5-day immersive training course&#8230; <\/p><\/div>\n\n\n<hr class=\"wp-block-separator has-css-opacity\"\/>\n\n\n<div class=\"wp-block-post-date\"><time datetime=\"2026-02-20T12:15:40+00:00\">February 20, 2026<\/time><\/div>\n<\/li><li class=\"wp-block-post post-1375 post type-post status-publish format-standard has-post-thumbnail hentry category-okulary-mlodziezowe\">\n<h2 class=\"wp-block-post-title\"><a href=\"https:\/\/animusedu.com\/index.php\/2025\/09\/30\/budowanie-mostow-szkolenie-dla-mlodziezy\/\" target=\"_self\">Budowanie most\u00f3w: szkolenie dla m\u0142odzie\u017cy<\/a><\/h2>\n\n<figure class=\"alignwide wp-block-post-featured-image\"><a href=\"https:\/\/animusedu.com\/index.php\/2025\/09\/30\/budowanie-mostow-szkolenie-dla-mlodziezy\/\" target=\"_self\"><img loading=\"lazy\" decoding=\"async\" width=\"300\" height=\"225\" src=\"https:\/\/animusedu.com\/wp-content\/uploads\/2025\/12\/556360085_777863461700425_9180504503078992900_n-1-300x225.jpg\" class=\"attachment-post-thumbnail size-post-thumbnail wp-post-image\" alt=\"Budowanie most\u00f3w: szkolenie dla m\u0142odzie\u017cy\" style=\"object-fit:cover;\" srcset=\"https:\/\/animusedu.com\/wp-content\/uploads\/2025\/12\/556360085_777863461700425_9180504503078992900_n-1-300x225.jpg 300w, https:\/\/animusedu.com\/wp-content\/uploads\/2025\/12\/556360085_777863461700425_9180504503078992900_n-1-1024x768.jpg 1024w, https:\/\/animusedu.com\/wp-content\/uploads\/2025\/12\/556360085_777863461700425_9180504503078992900_n-1-768x576.jpg 768w, https:\/\/animusedu.com\/wp-content\/uploads\/2025\/12\/556360085_777863461700425_9180504503078992900_n-1-1536x1152.jpg 1536w, https:\/\/animusedu.com\/wp-content\/uploads\/2025\/12\/556360085_777863461700425_9180504503078992900_n-1-850x638.jpg 850w, https:\/\/animusedu.com\/wp-content\/uploads\/2025\/12\/556360085_777863461700425_9180504503078992900_n-1.jpg 2048w\" sizes=\"auto, (max-width: 300px) 100vw, 300px\" \/><\/a><\/figure>\n\n<div class=\"wp-block-post-excerpt\"><p class=\"wp-block-post-excerpt__excerpt\">W dniach 29\u201330 wrze\u015bnia w Zebrzydowicach odby\u0142o si\u0119 szkolenie dla m\u0142odzie\u017cy z Bytomia \u2013 \u201eBudowanie most\u00f3w: komunikacja, kooperacja i m\u0142odzie\u017cowe inicjatywy\u201d, zorganizowane w ramach projektu Okulary M\u0142odzie\u017cowe Podczas spotkania uczestnicy rozwijali swoje umiej\u0119tno\u015bci komunikacji i pracy zespo\u0142owej, uczyli si\u0119 budowa\u0107 zaufanie oraz planowa\u0107 wsp\u00f3lne inicjatywy. Szkolenie sta\u0142o si\u0119 inspiracj\u0105 do dzia\u0142a\u0144 na rzecz dialogu i&#8230; <\/p><\/div>\n\n\n<hr class=\"wp-block-separator has-css-opacity\"\/>\n\n\n<div class=\"wp-block-post-date\"><time datetime=\"2025-09-30T10:08:37+00:00\">September 30, 2025<\/time><\/div>\n<\/li><li class=\"wp-block-post post-1328 post type-post status-publish format-standard has-post-thumbnail hentry category-okulary-mlodziezowe\">\n<h2 class=\"wp-block-post-title\"><a href=\"https:\/\/animusedu.com\/index.php\/2025\/09\/27\/konferencja-mlodzi-obywatele-aktywnie-dla-spolecznosci\/\" target=\"_self\">Konferencja M\u0142odzi Obywatele \u2013 Aktywnie Dla Spo\u0142eczno\u015bci<\/a><\/h2>\n\n<figure class=\"alignwide wp-block-post-featured-image\"><a href=\"https:\/\/animusedu.com\/index.php\/2025\/09\/27\/konferencja-mlodzi-obywatele-aktywnie-dla-spolecznosci\/\" target=\"_self\"><img loading=\"lazy\" decoding=\"async\" width=\"300\" height=\"225\" src=\"https:\/\/animusedu.com\/wp-content\/uploads\/2025\/09\/555718727_775310355289069_2971922450207339826_n.jpg\" class=\"attachment-post-thumbnail size-post-thumbnail wp-post-image\" alt=\"Konferencja M\u0142odzi Obywatele \u2013 Aktywnie Dla Spo\u0142eczno\u015bci\" style=\"object-fit:cover;\" srcset=\"https:\/\/animusedu.com\/wp-content\/uploads\/2025\/09\/555718727_775310355289069_2971922450207339826_n.jpg 2048w, https:\/\/animusedu.com\/wp-content\/uploads\/2025\/09\/555718727_775310355289069_2971922450207339826_n-300x225.jpg 300w\" sizes=\"auto, (max-width: 300px) 100vw, 300px\" \/><\/a><\/figure>\n\n<div class=\"wp-block-post-excerpt\"><p class=\"wp-block-post-excerpt__excerpt\">26 wrze\u015bnia spotkali\u015bmy si\u0119 w Miejskiej Bibliotece Publicznej w \u017borach na konferencji \u201eM\u0142odzi obywatele \u2013 aktywnie dla spo\u0142eczno\u015bci\u201d, zorganizowanej w ramach projektu Okulary M\u0142odzie\u017cowe. W wydarzeniu wzi\u0119\u0142o udzia\u0142 wielu m\u0142odych mieszka\u0144c\u00f3w \u017bor. To by\u0142 dzie\u0144 pe\u0142en rozm\u00f3w o tym, czym jest obywatelsko\u015b\u0107 i m\u0142odzie\u017cowy aktywizm \u2013 od pierwszych definicji i przyk\u0142ad\u00f3w dzia\u0142a\u0144, a\u017c po interaktywn\u0105&#8230; <\/p><\/div>\n\n\n<hr class=\"wp-block-separator has-css-opacity\"\/>\n\n\n<div class=\"wp-block-post-date\"><time datetime=\"2025-09-27T11:21:32+00:00\">September 27, 2025<\/time><\/div>\n<\/li><\/ul><\/div>\n\n\n<ul class=\"wp-block-latest-posts__list wp-block-latest-posts\"><li><a class=\"wp-block-latest-posts__post-title\" href=\"https:\/\/animusedu.com\/index.php\/2026\/02\/20\/training-course-rabbit-on-the-moon\/\">Training Course &#8220;Rabbit on the Moon&#8221;<\/a><\/li>\n<li><a class=\"wp-block-latest-posts__post-title\" href=\"https:\/\/animusedu.com\/index.php\/2025\/09\/30\/budowanie-mostow-szkolenie-dla-mlodziezy\/\">Budowanie most\u00f3w: szkolenie dla m\u0142odzie\u017cy<\/a><\/li>\n<li><a class=\"wp-block-latest-posts__post-title\" href=\"https:\/\/animusedu.com\/index.php\/2025\/09\/27\/konferencja-mlodzi-obywatele-aktywnie-dla-spolecznosci\/\">Konferencja M\u0142odzi Obywatele \u2013 Aktywnie Dla Spo\u0142eczno\u015bci<\/a><\/li>\n<li><a class=\"wp-block-latest-posts__post-title\" href=\"https:\/\/animusedu.com\/index.php\/2025\/09\/23\/final-trzydniowej-przygody\/\">Fina\u0142 Trzydniowej Przygody<\/a><\/li>\n<li><a class=\"wp-block-latest-posts__post-title\" href=\"https:\/\/animusedu.com\/index.php\/2025\/09\/22\/drugi-dzien-opconnect-w-opolu\/\">Drugi Dzie\u0144 Opconnect w Opolu<\/a><\/li>\n<\/ul>","protected":false},"excerpt":{"rendered":"","protected":false},"author":1,"featured_media":0,"parent":0,"menu_order":0,"comment_status":"closed","ping_status":"closed","template":"","meta":{"footnotes":""},"class_list":["post-8","page","type-page","status-publish","hentry"],"_links":{"self":[{"href":"https:\/\/animusedu.com\/index.php\/wp-json\/wp\/v2\/pages\/8","targetHints":{"allow":["GET"]}}],"collection":[{"href":"https:\/\/animusedu.com\/index.php\/wp-json\/wp\/v2\/pages"}],"about":[{"href":"https:\/\/animusedu.com\/index.php\/wp-json\/wp\/v2\/types\/page"}],"author":[{"embeddable":true,"href":"https:\/\/animusedu.com\/index.php\/wp-json\/wp\/v2\/users\/1"}],"replies":[{"embeddable":true,"href":"https:\/\/animusedu.com\/index.php\/wp-json\/wp\/v2\/comments?post=8"}],"version-history":[{"count":4,"href":"https:\/\/animusedu.com\/index.php\/wp-json\/wp\/v2\/pages\/8\/revisions"}],"predecessor-version":[{"id":88,"href":"https:\/\/animusedu.com\/index.php\/wp-json\/wp\/v2\/pages\/8\/revisions\/88"}],"wp:attachment":[{"href":"https:\/\/animusedu.com\/index.php\/wp-json\/wp\/v2\/media?parent=8"}],"curies":[{"name":"wp","href":"https:\/\/api.w.org\/{rel}","templated":true}]}}